{"id":2,"date":"2019-04-02T15:20:32","date_gmt":"2019-04-02T15:20:32","guid":{"rendered":"http:\/\/www.sarissaistanbul.com.tr\/?page_id=2"},"modified":"2019-04-03T08:34:26","modified_gmt":"2019-04-03T08:34:26","slug":"about","status":"publish","type":"page","link":"https:\/\/www.sarissaistanbul.com.tr\/?page_id=2","title":{"rendered":"Hakk\u0131nda"},"content":{"rendered":"<p>\u0130stanbul Anadolu Yakas\u0131nda, 1. ve 2. \u00e7evre yolunun kesi\u015fti\u011fi nokta olan \u015eerifali Mahallesi&#8217;nde kurulu olan Sarissa \u0130stanbul 2 adet, 5 blok, 403 daire ve \u00e7ar\u015f\u0131dan olu\u015fan modern bir ya\u015fam merkezidir.<\/p>\n<p>1+1, 2+1, 3+1 ve 4+1 dubleks dairlerden olu\u015fan, 2 \u00e7ocuk bah\u00e7esi, a\u00e7\u0131k ve kapal\u0131 spor alanlar\u0131, kapal\u0131 otoparklar\u0131 ile konforlu ve ayr\u0131cal\u0131kl\u0131 bir ya\u015fam imkan\u0131 sunmaktad\u0131r.<\/p>\n\n\n<p><\/p>\n","protected":false},"excerpt":{"rendered":"<p>\u0130stanbul Anadolu Yakas\u0131nda, 1. ve 2. \u00e7evre yolunun kesi\u015fti\u011fi nokta olan \u015eerifali Mahallesi&#8217;nde kurulu olan Sarissa \u0130stanbul 2 adet, 5 blok, 403 daire ve \u00e7ar\u015f\u0131dan olu\u015fan modern bir ya\u015fam merkezidir. 1+1, 2+1, 3+1 ve 4+1 dubleks dairlerden olu\u015fan, 2 \u00e7ocuk bah\u00e7esi, a\u00e7\u0131k ve kapal\u0131 spor alanlar\u0131, kapal\u0131 otoparklar\u0131 ile konforlu ve ayr\u0131cal\u0131kl\u0131 bir ya\u015fam imkan\u0131 &hellip; <\/p>\n<p class=\"link-more\"><a href=\"https:\/\/www.sarissaistanbul.com.tr\/?page_id=2\" class=\"more-link\">Okumaya devam et<span class=\"screen-reader-text\"> &#8220;Hakk\u0131nda&#8221;<\/span><\/a><\/p>\n","protected":false},"author":1,"featured_media":0,"parent":0,"menu_order":0,"comment_status":"closed","ping_status":"open","template":"","meta":{"footnotes":""},"_links":{"self":[{"href":"https:\/\/www.sarissaistanbul.com.tr\/index.php?rest_route=\/wp\/v2\/pages\/2"}],"collection":[{"href":"https:\/\/www.sarissaistanbul.com.tr\/index.php?rest_route=\/wp\/v2\/pages"}],"about":[{"href":"https:\/\/www.sarissaistanbul.com.tr\/index.php?rest_route=\/wp\/v2\/types\/page"}],"author":[{"embeddable":true,"href":"https:\/\/www.sarissaistanbul.com.tr\/index.php?rest_route=\/wp\/v2\/users\/1"}],"replies":[{"embeddable":true,"href":"https:\/\/www.sarissaistanbul.com.tr\/index.php?rest_route=%2Fwp%2Fv2%2Fcomments&post=2"}],"version-history":[{"count":3,"href":"https:\/\/www.sarissaistanbul.com.tr\/index.php?rest_route=\/wp\/v2\/pages\/2\/revisions"}],"predecessor-version":[{"id":67,"href":"https:\/\/www.sarissaistanbul.com.tr\/index.php?rest_route=\/wp\/v2\/pages\/2\/revisions\/67"}],"wp:attachment":[{"href":"https:\/\/www.sarissaistanbul.com.tr\/index.php?rest_route=%2Fwp%2Fv2%2Fmedia&parent=2"}],"curies":[{"name":"wp","href":"https:\/\/api.w.org\/{rel}","templated":true}]}}